{"id":2,"date":"2025-05-22T16:45:38","date_gmt":"2025-05-22T16:45:38","guid":{"rendered":"https:\/\/visios-consulting.com\/?page_id=2"},"modified":"2025-06-27T13:01:16","modified_gmt":"2025-06-27T13:01:16","slug":"impressum","status":"publish","type":"page","link":"https:\/\/visios-consulting.com\/en\/impressum\/","title":{"rendered":"Imprint"},"content":{"rendered":"<p><strong>Information according to \u00a7 5 TMG<\/strong><\/p>\n\n\n\n<p><strong>Company Name<\/strong><br>Visios Consulting UG (haftungsbechr\u00e4nkt)<\/p>\n\n\n\n<p><strong>Represented by:<\/strong><br>Luka Maximilian Pelke<\/p>\n\n\n\n<p><strong>Address:<\/strong><br>Karwendelstra\u00dfe 2<br>82061 Neuried<br>Germany<\/p>\n\n\n\n<p><strong>Contact:<\/strong><br>Phone Number: +49 (0)151 26909927<br>Mail:&nbsp;<a>luka.pelke@visios-consulting.de<\/a><br>Website:&nbsp;<a class=\"\" href=\"http:\/\/www.visiosconsulting.de\/\" target=\"_blank\" rel=\"noopener\">www.visios-consulting.com<\/a><\/p>\n\n\n\n<p><strong>Registereintrag:<\/strong><br>Register entry<br>Registergericht: Amtsgericht M\u00fcnchen<br>Registernummer: HRB 301648<\/p>\n\n\n\n<p><strong>Sales tax ID:<\/strong><br>Umsatzsteuer-Identifikationsnummer gem\u00e4\u00df \u00a7 27a <br>Umsatzsteuergesetz: nicht vorhanden<\/p>\n\n\n\n<p><strong>Responsible party within the meaning of \u00a7 18 paragraph 2 MStV:<br><\/strong>Luka Maximilian Pelke<br>Karwendelstra\u00dfe 2<br>82061 Neuried<\/p>\n\n\n\n<p><\/p>","protected":false},"excerpt":{"rendered":"<p>Angaben gem\u00e4\u00df \u00a7 5 TMG Unternehmensname:Visios Consulting UG (haftungsbechr\u00e4nkt) Vertreten durch:Luka Maximilian Pelke Anschrift:Karwendelstra\u00dfe 282061 NeuriedDeutschland Kontakt:Telefon: +49 (0)151 26909927E-Mail:&nbsp;luka.pelke@visios-consulting.deWebsite:&nbsp;www.visios-consulting.com Registereintrag:Eintragung im HandelsregisterRegistergericht: Amtsgericht M\u00fcnchenRegisternummer: HRB 301648 Umsatzsteuer-ID:Umsatzsteuer-Identifikationsnummer gem\u00e4\u00df \u00a7 27a Umsatzsteuergesetz: nicht vorhanden Verantwortlicher i.S.d. \u00a7 18 Abs. 2 MStV:Luka Maximilian PelkeKarwendelstra\u00dfe 282061 Neuried<\/p>","protected":false},"author":1,"featured_media":0,"parent":0,"menu_order":0,"comment_status":"closed","ping_status":"open","template":"","meta":{"_uag_custom_page_level_css":"","footnotes":""},"class_list":["post-2","page","type-page","status-publish","hentry"],"uagb_featured_image_src":{"full":false,"thumbnail":false,"medium":false,"medium_large":false,"large":false,"1536x1536":false,"2048x2048":false,"trp-custom-language-flag":false},"uagb_author_info":{"display_name":"admin","author_link":"https:\/\/visios-consulting.com\/en\/author\/admin\/"},"uagb_comment_info":0,"uagb_excerpt":"Angaben gem\u00e4\u00df \u00a7 5 TMG Unternehmensname:Visios Consulting UG (haftungsbechr\u00e4nkt) Vertreten durch:Luka Maximilian Pelke Anschrift:Karwendelstra\u00dfe 282061 NeuriedDeutschland Kontakt:Telefon: +49 (0)151 26909927E-Mail:&nbsp;luka.pelke@visios-consulting.deWebsite:&nbsp;www.visios-consulting.com Registereintrag:Eintragung im HandelsregisterRegistergericht: Amtsgericht M\u00fcnchenRegisternummer: HRB 301648 Umsatzsteuer-ID:Umsatzsteuer-Identifikationsnummer gem\u00e4\u00df \u00a7 27a Umsatzsteuergesetz: nicht vorhanden Verantwortlicher i.S.d. \u00a7 18 Abs. 2 MStV:Luka Maximilian PelkeKarwendelstra\u00dfe 282061 Neuried","_links":{"self":[{"href":"https:\/\/visios-consulting.com\/en\/wp-json\/wp\/v2\/pages\/2","targetHints":{"allow":["GET"]}}],"collection":[{"href":"https:\/\/visios-consulting.com\/en\/wp-json\/wp\/v2\/pages"}],"about":[{"href":"https:\/\/visios-consulting.com\/en\/wp-json\/wp\/v2\/types\/page"}],"author":[{"embeddable":true,"href":"https:\/\/visios-consulting.com\/en\/wp-json\/wp\/v2\/users\/1"}],"replies":[{"embeddable":true,"href":"https:\/\/visios-consulting.com\/en\/wp-json\/wp\/v2\/comments?post=2"}],"version-history":[{"count":7,"href":"https:\/\/visios-consulting.com\/en\/wp-json\/wp\/v2\/pages\/2\/revisions"}],"predecessor-version":[{"id":437,"href":"https:\/\/visios-consulting.com\/en\/wp-json\/wp\/v2\/pages\/2\/revisions\/437"}],"wp:attachment":[{"href":"https:\/\/visios-consulting.com\/en\/wp-json\/wp\/v2\/media?parent=2"}],"curies":[{"name":"wp","href":"https:\/\/api.w.org\/{rel}","templated":true}]}}