{"id":49,"date":"2025-05-23T09:11:29","date_gmt":"2025-05-23T09:11:29","guid":{"rendered":"https:\/\/visios-consulting.com\/?page_id=49"},"modified":"2025-06-30T10:43:07","modified_gmt":"2025-06-30T10:43:07","slug":"jetzt-durchstarten","status":"publish","type":"page","link":"https:\/\/visios-consulting.com\/en\/jetzt-durchstarten\/","title":{"rendered":"Get started now and make an appointment with Luka"},"content":{"rendered":"\n<div class=\"wp-block-group is-content-justification-center is-nowrap is-layout-flex wp-container-core-group-is-layout-23441af8 wp-block-group-is-layout-flex\">\n<figure class=\"wp-block-image size-full is-resized\"><img loading=\"lazy\" decoding=\"async\" width=\"512\" height=\"512\" src=\"https:\/\/visios-consulting.com\/wp-content\/uploads\/2025\/06\/check_logo.png\" alt=\"\" class=\"wp-image-481\" style=\"width:20px;height:auto\" srcset=\"https:\/\/visios-consulting.com\/wp-content\/uploads\/2025\/06\/check_logo.png 512w, https:\/\/visios-consulting.com\/wp-content\/uploads\/2025\/06\/check_logo-300x300.png 300w, https:\/\/visios-consulting.com\/wp-content\/uploads\/2025\/06\/check_logo-150x150.png 150w, https:\/\/visios-consulting.com\/wp-content\/uploads\/2025\/06\/check_logo-12x12.png 12w\" sizes=\"auto, (max-width: 512px) 100vw, 512px\" \/><\/figure>\n\n\n\n<p>Unverbindlich<\/p>\n\n\n\n<div aria-hidden=\"true\" class=\"wp-block-spacer\"><\/div>\n\n\n\n<figure class=\"wp-block-image size-full is-resized\"><img loading=\"lazy\" decoding=\"async\" width=\"512\" height=\"512\" src=\"https:\/\/visios-consulting.com\/wp-content\/uploads\/2025\/06\/check_logo.png\" alt=\"\" class=\"wp-image-481\" style=\"width:20px\" srcset=\"https:\/\/visios-consulting.com\/wp-content\/uploads\/2025\/06\/check_logo.png 512w, https:\/\/visios-consulting.com\/wp-content\/uploads\/2025\/06\/check_logo-300x300.png 300w, https:\/\/visios-consulting.com\/wp-content\/uploads\/2025\/06\/check_logo-150x150.png 150w, https:\/\/visios-consulting.com\/wp-content\/uploads\/2025\/06\/check_logo-12x12.png 12w\" sizes=\"auto, (max-width: 512px) 100vw, 512px\" \/><\/figure>\n\n\n\n<p>Kostenfrei<\/p>\n<\/div>\n\n\n\n<p class=\"has-text-align-center\">In einem kurzen Erstgespr\u00e4ch wollen wir mehr \u00fcber Sie und Ihren Case erfahren. So kriegen wir beide einen guten Eindruck, wie wir am besten zusammenarbeiten k\u00f6nnen.<\/p>\n\n\n<style id=\"wpforms-css-vars-486-block-c4a4e319-16e0-4aa9-aa41-94c1e0b22899\">\n\t\t\t\t#wpforms-486.wpforms-block-c4a4e319-16e0-4aa9-aa41-94c1e0b22899 {\n\t\t\t\t--wpforms-button-background-color: #970cff;\n--wpforms-field-size-input-height: 43px;\n--wpforms-field-size-input-spacing: 15px;\n--wpforms-field-size-font-size: 16px;\n--wpforms-field-size-line-height: 19px;\n--wpforms-field-size-padding-h: 14px;\n--wpforms-field-size-checkbox-size: 16px;\n--wpforms-field-size-sublabel-spacing: 5px;\n--wpforms-field-size-icon-size: 1;\n--wpforms-label-size-font-size: 16px;\n--wpforms-label-size-line-height: 19px;\n--wpforms-label-size-sublabel-font-size: 14px;\n--wpforms-label-size-sublabel-line-height: 17px;\n--wpforms-button-size-font-size: 17px;\n--wpforms-button-size-height: 41px;\n--wpforms-button-size-padding-h: 15px;\n--wpforms-button-size-margin-top: 10px;\n\t\t\t}\n\t\t\t<\/style><div class=\"wpforms-container wpforms-container-full wpforms-block wpforms-block-c4a4e319-16e0-4aa9-aa41-94c1e0b22899 wpforms-render-modern\" id=\"wpforms-486\"><form id=\"wpforms-form-486\" class=\"wpforms-validate wpforms-form wpforms-ajax-form\" data-formid=\"486\" method=\"post\" enctype=\"multipart\/form-data\" action=\"\/en\/wp-json\/wp\/v2\/pages\/49\" data-token=\"3a4a60ed3a9c5deae3c9937f88a69e6a\" data-token-time=\"1776854656\"><noscript class=\"wpforms-error-noscript\">Please enable JavaScript in your browser to complete this form.<\/noscript><div id=\"wpforms-error-noscript\" style=\"display: none;\">Please enable JavaScript in your browser to complete this form.<\/div><div class=\"wpforms-field-container\">\t\t<div id=\"wpforms-486-field_4-container\"\n\t\t\tclass=\"wpforms-field wpforms-field-text\"\n\t\t\tdata-field-type=\"text\"\n\t\t\tdata-field-id=\"4\"\n\t\t\t>\n\t\t\t<label class=\"wpforms-field-label\" for=\"wpforms-486-field_4\" >E-Mail-Adresse Name Nachricht<\/label>\n\t\t\t<input type=\"text\" id=\"wpforms-486-field_4\" class=\"wpforms-field-medium\" name=\"wpforms[fields][4]\" >\n\t\t<\/div>\n\t\t<div id=\"wpforms-486-field_1-container\" class=\"wpforms-field wpforms-field-name\" data-field-id=\"1\"><label class=\"wpforms-field-label\" for=\"wpforms-486-field_1\">Name <span class=\"wpforms-required-label\" aria-hidden=\"true\">*<\/span><\/label><input type=\"text\" id=\"wpforms-486-field_1\" class=\"wpforms-field-medium wpforms-field-required\" name=\"wpforms[fields][1]\" aria-errormessage=\"wpforms-486-field_1-error\" required><\/div><div id=\"wpforms-486-field_2-container\" class=\"wpforms-field wpforms-field-email\" data-field-id=\"2\"><label class=\"wpforms-field-label\" for=\"wpforms-486-field_2\">E-Mail-Adresse <span class=\"wpforms-required-label\" aria-hidden=\"true\">*<\/span><\/label><input type=\"email\" id=\"wpforms-486-field_2\" class=\"wpforms-field-medium wpforms-field-required\" name=\"wpforms[fields][2]\" spellcheck=\"false\" aria-errormessage=\"wpforms-486-field_2-error\" required><\/div><div id=\"wpforms-486-field_3-container\" class=\"wpforms-field wpforms-field-textarea\" data-field-id=\"3\"><label class=\"wpforms-field-label\" for=\"wpforms-486-field_3\">Nachricht <span class=\"wpforms-required-label\" aria-hidden=\"true\">*<\/span><\/label><textarea id=\"wpforms-486-field_3\" class=\"wpforms-field-medium wpforms-field-required\" name=\"wpforms[fields][3]\" aria-errormessage=\"wpforms-486-field_3-error\" required><\/textarea><\/div><script>\n\t\t\t\t( function() {\n\t\t\t\t\tconst style = document.createElement( 'style' );\n\t\t\t\t\tstyle.appendChild( document.createTextNode( '#wpforms-486-field_4-container { position: absolute !important; overflow: hidden !important; display: inline !important; height: 1px !important; width: 1px !important; z-index: -1000 !important; padding: 0 !important; } #wpforms-486-field_4-container input { visibility: hidden; } #wpforms-conversational-form-page #wpforms-486-field_4-container label { counter-increment: none; }' ) );\n\t\t\t\t\tdocument.head.appendChild( style );\n\t\t\t\t\tdocument.currentScript?.remove();\n\t\t\t\t} )();\n\t\t\t<\/script><\/div><!-- .wpforms-field-container --><div class=\"wpforms-submit-container\" ><input type=\"hidden\" name=\"wpforms[id]\" value=\"486\"><input type=\"hidden\" name=\"page_title\" value=\"\"><input type=\"hidden\" name=\"page_url\" value=\"https:\/\/visios-consulting.com\/en\/wp-json\/wp\/v2\/pages\/49\"><input type=\"hidden\" name=\"url_referer\" value=\"\"><button type=\"submit\" name=\"wpforms[submit]\" id=\"wpforms-submit-486\" class=\"wpforms-submit\" data-alt-text=\"Wird gesendet\u00a0\u2026\" data-submit-text=\"Absenden\" aria-live=\"assertive\" value=\"wpforms-submit\">Absenden<\/button><img loading=\"lazy\" decoding=\"async\" src=\"https:\/\/visios-consulting.com\/wp-content\/plugins\/wpforms-lite\/assets\/images\/submit-spin.svg\" class=\"wpforms-submit-spinner\" style=\"display: none;\" width=\"26\" height=\"26\" alt=\"Loading\"><\/div><\/form><\/div>  <!-- .wpforms-container -->","protected":false},"excerpt":{"rendered":"<p>Unverbindlich Kostenfrei In einem kurzen Erstgespr\u00e4ch wollen wir mehr \u00fcber Sie und Ihren Case erfahren. So kriegen wir beide einen guten Eindruck, wie wir am besten zusammenarbeiten k\u00f6nnen.<\/p>","protected":false},"author":2,"featured_media":0,"parent":0,"menu_order":0,"comment_status":"closed","ping_status":"closed","template":"","meta":{"_uag_custom_page_level_css":"","footnotes":""},"class_list":["post-49","page","type-page","status-publish","hentry"],"uagb_featured_image_src":{"full":false,"thumbnail":false,"medium":false,"medium_large":false,"large":false,"1536x1536":false,"2048x2048":false,"trp-custom-language-flag":false},"uagb_author_info":{"display_name":"Michelle Dutoit","author_link":"https:\/\/visios-consulting.com\/en\/author\/michelle\/"},"uagb_comment_info":0,"uagb_excerpt":"Unverbindlich Kostenfrei In einem kurzen Erstgespr\u00e4ch wollen wir mehr \u00fcber Sie und Ihren Case erfahren. So kriegen wir beide einen guten Eindruck, wie wir am besten zusammenarbeiten k\u00f6nnen.","_links":{"self":[{"href":"https:\/\/visios-consulting.com\/en\/wp-json\/wp\/v2\/pages\/49","targetHints":{"allow":["GET"]}}],"collection":[{"href":"https:\/\/visios-consulting.com\/en\/wp-json\/wp\/v2\/pages"}],"about":[{"href":"https:\/\/visios-consulting.com\/en\/wp-json\/wp\/v2\/types\/page"}],"author":[{"embeddable":true,"href":"https:\/\/visios-consulting.com\/en\/wp-json\/wp\/v2\/users\/2"}],"replies":[{"embeddable":true,"href":"https:\/\/visios-consulting.com\/en\/wp-json\/wp\/v2\/comments?post=49"}],"version-history":[{"count":20,"href":"https:\/\/visios-consulting.com\/en\/wp-json\/wp\/v2\/pages\/49\/revisions"}],"predecessor-version":[{"id":507,"href":"https:\/\/visios-consulting.com\/en\/wp-json\/wp\/v2\/pages\/49\/revisions\/507"}],"wp:attachment":[{"href":"https:\/\/visios-consulting.com\/en\/wp-json\/wp\/v2\/media?parent=49"}],"curies":[{"name":"wp","href":"https:\/\/api.w.org\/{rel}","templated":true}]}}