{"id":516,"date":"2025-07-22T05:36:53","date_gmt":"2025-07-22T05:36:53","guid":{"rendered":"https:\/\/visios-consulting.com\/?page_id=516"},"modified":"2025-10-24T04:00:34","modified_gmt":"2025-10-24T04:00:34","slug":"referenzen","status":"publish","type":"page","link":"https:\/\/visios-consulting.com\/en\/referenzen\/","title":{"rendered":"Projects"},"content":{"rendered":"<p>What\u2019s possible with XR? Take a look at how our clients are already using it.<\/p>\n\n\n\n<div class=\"wp-block-group alignfull has-background-background-color has-background has-global-padding is-layout-constrained wp-container-core-group-is-layout-7276a2bb wp-block-group-is-layout-constrained\" style=\"margin-top:0;margin-bottom:0;padding-top:var(--wp--preset--spacing--60);padding-right:var(--wp--preset--spacing--30);padding-bottom:var(--wp--preset--spacing--60);padding-left:var(--wp--preset--spacing--30)\">\n<div class=\"wp-block-group alignwide has-global-padding is-content-justification-center is-layout-constrained wp-block-group-is-layout-constrained\">\n<h2 class=\"wp-block-heading has-text-align-center has-large-font-size\"><mark style=\"background-color:rgba(0, 0, 0, 0)\" class=\"has-inline-color has-primary-color\">Interactive VR demo <\/mark><\/h2>\n\n\n\n<p class=\"has-text-align-center\" style=\"margin-top:16px\">As part of a book launch at Campus M University, visitors were able to experience firsthand in an interactive VR experience what events in the metaverse can look like. <\/p>\n<\/div>\n\n\n\n<div class=\"wp-block-columns alignwide is-layout-flex wp-container-core-columns-is-layout-08c01c1c wp-block-columns-is-layout-flex\">\n<div class=\"wp-block-column is-layout-flow wp-block-column-is-layout-flow\">\n<figure class=\"wp-block-image size-large\"><img loading=\"lazy\" decoding=\"async\" width=\"1024\" height=\"683\" src=\"https:\/\/visios-consulting.com\/wp-content\/uploads\/2025\/07\/Foto-14.05.25-18-00-43-2-1024x683.jpg\" alt=\"\" class=\"wp-image-519\" style=\"aspect-ratio:16\/9;object-fit:cover\" srcset=\"https:\/\/visios-consulting.com\/wp-content\/uploads\/2025\/07\/Foto-14.05.25-18-00-43-2-1024x683.jpg 1024w, https:\/\/visios-consulting.com\/wp-content\/uploads\/2025\/07\/Foto-14.05.25-18-00-43-2-300x200.jpg 300w, https:\/\/visios-consulting.com\/wp-content\/uploads\/2025\/07\/Foto-14.05.25-18-00-43-2-768x512.jpg 768w, https:\/\/visios-consulting.com\/wp-content\/uploads\/2025\/07\/Foto-14.05.25-18-00-43-2-1536x1024.jpg 1536w, https:\/\/visios-consulting.com\/wp-content\/uploads\/2025\/07\/Foto-14.05.25-18-00-43-2-2048x1365.jpg 2048w, https:\/\/visios-consulting.com\/wp-content\/uploads\/2025\/07\/Foto-14.05.25-18-00-43-2-18x12.jpg 18w\" sizes=\"auto, (max-width: 1024px) 100vw, 1024px\" \/><\/figure>\n<\/div>\n\n\n\n<div class=\"wp-block-column is-vertically-aligned-center is-layout-flow wp-block-column-is-layout-flow\">\n<div class=\"wp-block-group has-global-padding is-layout-constrained wp-block-group-is-layout-constrained\">\n<h3 class=\"wp-block-heading\" style=\"font-size:clamp(1.188rem, 1.188rem + ((1vw - 0.2rem) * 1.258), 1.88rem);line-height:1.5\">Experience virtual reality live<\/h3>\n\n\n\n<p style=\"margin-top:8px\">In an interactive live presentation, we guided the audience through a virtual environment using a VR headset \u2013 visible on the big screen and followed in real time. This impressively demonstrated how virtual reality makes complex content tangible and immersive.<\/p>\n<\/div>\n<\/div>\n<\/div>\n\n\n\n<div class=\"wp-block-columns alignwide is-layout-flex wp-container-core-columns-is-layout-08c01c1c wp-block-columns-is-layout-flex\">\n<div class=\"wp-block-column is-vertically-aligned-center is-layout-flow wp-block-column-is-layout-flow\">\n<div class=\"wp-block-group has-global-padding is-layout-constrained wp-block-group-is-layout-constrained\">\n<h3 class=\"wp-block-heading\" style=\"font-size:clamp(1.188rem, 1.188rem + ((1vw - 0.2rem) * 1.258), 1.88rem);line-height:1.5\">Interactive VR experience up close<\/h3>\n\n\n\n<p style=\"margin-top:8px\">In this demo, participants were able to immerse themselves in the virtual world \u2013 with real movement, intuitive controls, and direct feedback. The experience impressively demonstrated how immersive and tangible content can become through virtual reality \u2013 ideal for training, onboarding, or product presentations.<\/p>\n<\/div>\n<\/div>\n\n\n\n<div class=\"wp-block-column is-layout-flow wp-block-column-is-layout-flow\">\n<figure class=\"wp-block-image size-large\"><img loading=\"lazy\" decoding=\"async\" width=\"1024\" height=\"683\" src=\"https:\/\/visios-consulting.com\/wp-content\/uploads\/2025\/07\/Foto-14.05.25-20-01-32-1-1024x683.jpg\" alt=\"\" class=\"wp-image-520\" style=\"aspect-ratio:16\/9;object-fit:cover\" srcset=\"https:\/\/visios-consulting.com\/wp-content\/uploads\/2025\/07\/Foto-14.05.25-20-01-32-1-1024x683.jpg 1024w, https:\/\/visios-consulting.com\/wp-content\/uploads\/2025\/07\/Foto-14.05.25-20-01-32-1-300x200.jpg 300w, https:\/\/visios-consulting.com\/wp-content\/uploads\/2025\/07\/Foto-14.05.25-20-01-32-1-768x512.jpg 768w, https:\/\/visios-consulting.com\/wp-content\/uploads\/2025\/07\/Foto-14.05.25-20-01-32-1-1536x1024.jpg 1536w, https:\/\/visios-consulting.com\/wp-content\/uploads\/2025\/07\/Foto-14.05.25-20-01-32-1-2048x1365.jpg 2048w, https:\/\/visios-consulting.com\/wp-content\/uploads\/2025\/07\/Foto-14.05.25-20-01-32-1-18x12.jpg 18w\" sizes=\"auto, (max-width: 1024px) 100vw, 1024px\" \/><\/figure>\n<\/div>\n<\/div>\n\n\n\n<div class=\"wp-block-columns alignwide is-layout-flex wp-container-core-columns-is-layout-08c01c1c wp-block-columns-is-layout-flex\">\n<div class=\"wp-block-column is-layout-flow wp-block-column-is-layout-flow\">\n<figure class=\"wp-block-image size-large\"><img loading=\"lazy\" decoding=\"async\" width=\"1024\" height=\"576\" src=\"https:\/\/visios-consulting.com\/wp-content\/uploads\/2025\/07\/Foto-22.07.25-06-36-27-1024x576.jpg\" alt=\"\" class=\"wp-image-521\" style=\"aspect-ratio:16\/9;object-fit:cover\" srcset=\"https:\/\/visios-consulting.com\/wp-content\/uploads\/2025\/07\/Foto-22.07.25-06-36-27-1024x576.jpg 1024w, https:\/\/visios-consulting.com\/wp-content\/uploads\/2025\/07\/Foto-22.07.25-06-36-27-300x169.jpg 300w, https:\/\/visios-consulting.com\/wp-content\/uploads\/2025\/07\/Foto-22.07.25-06-36-27-768x432.jpg 768w, https:\/\/visios-consulting.com\/wp-content\/uploads\/2025\/07\/Foto-22.07.25-06-36-27-1536x864.jpg 1536w, https:\/\/visios-consulting.com\/wp-content\/uploads\/2025\/07\/Foto-22.07.25-06-36-27-2048x1152.jpg 2048w, https:\/\/visios-consulting.com\/wp-content\/uploads\/2025\/07\/Foto-22.07.25-06-36-27-18x10.jpg 18w\" sizes=\"auto, (max-width: 1024px) 100vw, 1024px\" \/><\/figure>\n<\/div>\n\n\n\n<div class=\"wp-block-column is-vertically-aligned-center is-layout-flow wp-block-column-is-layout-flow\">\n<div class=\"wp-block-group has-global-padding is-layout-constrained wp-block-group-is-layout-constrained\">\n<h3 class=\"wp-block-heading\" style=\"font-size:clamp(1.188rem, 1.188rem + ((1vw - 0.2rem) * 1.258), 1.88rem);line-height:1.5\">Personalized VR environment for immersive events<\/h3>\n\n\n\n<p style=\"margin-top:8px\">For this experience, we used a virtual space provided by RAUM VR and customized it specifically for the event. The space was designed with our own content, branding elements, and interactive features \u2013 ideal for presentations, meetings, or networking in the metaverse. This creates an immersive experience that engages participants emotionally and regardless of their location.<\/p>\n<\/div>\n<\/div>\n<\/div>\n\n\n\n<div class=\"wp-block-buttons is-content-justification-center is-layout-flex wp-container-core-buttons-is-layout-f1909aef wp-block-buttons-is-layout-flex\"><\/div>\n<\/div>\n\n\n\n<p><\/p>","protected":false},"excerpt":{"rendered":"<p>Was mit XR alles m\u00f6glich ist? Schau dir an, wie unsere Kunden es schon jetzt nutzen. Interaktive VR-Demo Im Rahmen einer Buchpr\u00e4sentation am Campus M University konnten Besucher:innen in einer interaktiven VR-Experience hautnah erleben, wie Events im Metaverse ablaufen k\u00f6nnen. Virtuelle Realit\u00e4t live erleben In einer interaktiven Live-Demo f\u00fchrten wir das Publikum per VR-Brille direkt [&hellip;]<\/p>\n","protected":false},"author":2,"featured_media":0,"parent":0,"menu_order":0,"comment_status":"closed","ping_status":"closed","template":"","meta":{"_uag_custom_page_level_css":"","footnotes":""},"class_list":["post-516","page","type-page","status-publish","hentry"],"uagb_featured_image_src":{"full":false,"thumbnail":false,"medium":false,"medium_large":false,"large":false,"1536x1536":false,"2048x2048":false,"trp-custom-language-flag":false},"uagb_author_info":{"display_name":"Michelle Dutoit","author_link":"https:\/\/visios-consulting.com\/en\/author\/michelle\/"},"uagb_comment_info":0,"uagb_excerpt":"Was mit XR alles m\u00f6glich ist? Schau dir an, wie unsere Kunden es schon jetzt nutzen. Interaktive VR-Demo Im Rahmen einer Buchpr\u00e4sentation am Campus M University konnten Besucher:innen in einer interaktiven VR-Experience hautnah erleben, wie Events im Metaverse ablaufen k\u00f6nnen. Virtuelle Realit\u00e4t live erleben In einer interaktiven Live-Demo f\u00fchrten wir das Publikum per VR-Brille direkt&hellip;","_links":{"self":[{"href":"https:\/\/visios-consulting.com\/en\/wp-json\/wp\/v2\/pages\/516","targetHints":{"allow":["GET"]}}],"collection":[{"href":"https:\/\/visios-consulting.com\/en\/wp-json\/wp\/v2\/pages"}],"about":[{"href":"https:\/\/visios-consulting.com\/en\/wp-json\/wp\/v2\/types\/page"}],"author":[{"embeddable":true,"href":"https:\/\/visios-consulting.com\/en\/wp-json\/wp\/v2\/users\/2"}],"replies":[{"embeddable":true,"href":"https:\/\/visios-consulting.com\/en\/wp-json\/wp\/v2\/comments?post=516"}],"version-history":[{"count":5,"href":"https:\/\/visios-consulting.com\/en\/wp-json\/wp\/v2\/pages\/516\/revisions"}],"predecessor-version":[{"id":552,"href":"https:\/\/visios-consulting.com\/en\/wp-json\/wp\/v2\/pages\/516\/revisions\/552"}],"wp:attachment":[{"href":"https:\/\/visios-consulting.com\/en\/wp-json\/wp\/v2\/media?parent=516"}],"curies":[{"name":"wp","href":"https:\/\/api.w.org\/{rel}","templated":true}]}}