{"id":535,"date":"2025-07-29T14:22:00","date_gmt":"2025-07-29T14:22:00","guid":{"rendered":"https:\/\/visios-consulting.com\/?page_id=535"},"modified":"2025-07-29T14:32:23","modified_gmt":"2025-07-29T14:32:23","slug":"willkommen-in-unserem-blog","status":"publish","type":"page","link":"https:\/\/visios-consulting.com\/en\/willkommen-in-unserem-blog\/","title":{"rendered":"Blog"},"content":{"rendered":"<p>In unserem Blog beleuchten wir aktuelle Entwicklungen rund um <strong>Virtual Reality (VR)<\/strong>, <strong>Augmented Reality (AR)<\/strong>, <strong>Mixed Reality (MR)<\/strong> und <strong>Gaming-Anwendungen<\/strong> f\u00fcr Unternehmen.<br>Ob spannende Studien, innovative Use Cases oder mutige Kampagnen \u2013 wir zeigen, wie immersive Technologien heute schon echten Mehrwert schaffen.<\/p>\n\n\n\n<p>\ud83d\udccc F\u00fcr Entscheider, Neudenker und alle, die ihr Business auf das n\u00e4chste Level bringen wollen.<\/p>\n\n\n\n<p>Lass dich inspirieren \u2013 und entdecke, was m\u00f6glich ist.<\/p>\n\n\n\n<div style=\"height:65px\" aria-hidden=\"true\" class=\"wp-block-spacer\"><\/div>\n\n\n\n<hr class=\"wp-block-separator has-alpha-channel-opacity\"\/>\n\n\n\n<h2 class=\"wp-block-heading\">Roblox einfach erkl\u00e4rt in wenigen Minuten.<\/h2>\n\n\n\n<details class=\"wp-block-details is-layout-flow wp-block-details-is-layout-flow\"><summary>In diesem kompakten Artikel inklusive Erkl\u00e4rvideo erkl\u00e4rt dir unser Gesch\u00e4ftsf\u00fchrer Luka, was hinter der beliebten Gaming-Plattform Roblox steckt \u2013 und wie Unternehmen sie schon jetzt f\u00fcr Employer Branding, Recruiting und Markenbindung nutzen. Ein spannender Einblick in die Business-Welt von virtuellen Erlebnissen.<\/summary><\/details>\n\n\n\n<div class=\"wp-block-columns is-layout-flex wp-container-core-columns-is-layout-28f84493 wp-block-columns-is-layout-flex\">\n<div class=\"wp-block-column is-layout-flow wp-block-column-is-layout-flow\" style=\"flex-basis:100%\">\n<div class=\"wp-block-uagb-image uagb-block-57daf169 wp-block-uagb-image--layout-default wp-block-uagb-image--effect-static wp-block-uagb-image--align-none\"><figure class=\"wp-block-uagb-image__figure\"><img decoding=\"async\" srcset=\"https:\/\/visios-consulting.com\/wp-content\/uploads\/2025\/07\/Bild1-1-1024x571.png ,https:\/\/visios-consulting.com\/wp-content\/uploads\/2025\/07\/Bild1-1-scaled.png 780w, https:\/\/visios-consulting.com\/wp-content\/uploads\/2025\/07\/Bild1-1-scaled.png 360w\" sizes=\"auto, (max-width: 480px) 150px\" src=\"https:\/\/visios-consulting.com\/wp-content\/uploads\/2025\/07\/Bild1-1-1024x571.png\" alt=\"\" class=\"uag-image-538\" width=\"4400\" height=\"2455\" title=\"Bild1\" loading=\"lazy\" role=\"img\"\/><\/figure><\/div>\n<\/div>\n<\/div>\n\n\n\n<div class=\"wp-block-uagb-buttons uagb-buttons__outer-wrap uagb-btn__default-btn uagb-btn-tablet__default-btn uagb-btn-mobile__default-btn uagb-block-a3ba7ccb\"><div class=\"uagb-buttons__wrap uagb-buttons-layout-wrap\">\n<div class=\"wp-block-uagb-buttons-child uagb-buttons__outer-wrap uagb-block-c3db24c7 wp-block-button\"><div class=\"uagb-button__wrapper\"><a class=\"uagb-buttons-repeater wp-block-button__link\" aria-label=\"\" href=\"#\" rel=\"follow noopener\" target=\"_self\" role=\"button\"><div class=\"uagb-button__link\">Mehr erfahren<\/div><\/a><\/div><\/div>\n<\/div><\/div>","protected":false},"excerpt":{"rendered":"<p>In unserem Blog beleuchten wir aktuelle Entwicklungen rund um Virtual Reality (VR), Augmented Reality (AR), Mixed Reality (MR) und Gaming-Anwendungen f\u00fcr Unternehmen.Ob spannende Studien, innovative Use Cases oder mutige Kampagnen \u2013 wir zeigen, wie immersive Technologien heute schon echten Mehrwert schaffen. \ud83d\udccc F\u00fcr Entscheider, Neudenker und alle, die ihr Business auf das n\u00e4chste Level bringen [&hellip;]<\/p>\n","protected":false},"author":2,"featured_media":0,"parent":0,"menu_order":0,"comment_status":"closed","ping_status":"closed","template":"","meta":{"_uag_custom_page_level_css":"","footnotes":""},"class_list":["post-535","page","type-page","status-publish","hentry"],"uagb_featured_image_src":{"full":false,"thumbnail":false,"medium":false,"medium_large":false,"large":false,"1536x1536":false,"2048x2048":false,"trp-custom-language-flag":false},"uagb_author_info":{"display_name":"Michelle Dutoit","author_link":"https:\/\/visios-consulting.com\/en\/author\/michelle\/"},"uagb_comment_info":0,"uagb_excerpt":"In unserem Blog beleuchten wir aktuelle Entwicklungen rund um Virtual Reality (VR), Augmented Reality (AR), Mixed Reality (MR) und Gaming-Anwendungen f\u00fcr Unternehmen.Ob spannende Studien, innovative Use Cases oder mutige Kampagnen \u2013 wir zeigen, wie immersive Technologien heute schon echten Mehrwert schaffen. \ud83d\udccc F\u00fcr Entscheider, Neudenker und alle, die ihr Business auf das n\u00e4chste Level bringen&hellip;","_links":{"self":[{"href":"https:\/\/visios-consulting.com\/en\/wp-json\/wp\/v2\/pages\/535","targetHints":{"allow":["GET"]}}],"collection":[{"href":"https:\/\/visios-consulting.com\/en\/wp-json\/wp\/v2\/pages"}],"about":[{"href":"https:\/\/visios-consulting.com\/en\/wp-json\/wp\/v2\/types\/page"}],"author":[{"embeddable":true,"href":"https:\/\/visios-consulting.com\/en\/wp-json\/wp\/v2\/users\/2"}],"replies":[{"embeddable":true,"href":"https:\/\/visios-consulting.com\/en\/wp-json\/wp\/v2\/comments?post=535"}],"version-history":[{"count":5,"href":"https:\/\/visios-consulting.com\/en\/wp-json\/wp\/v2\/pages\/535\/revisions"}],"predecessor-version":[{"id":544,"href":"https:\/\/visios-consulting.com\/en\/wp-json\/wp\/v2\/pages\/535\/revisions\/544"}],"wp:attachment":[{"href":"https:\/\/visios-consulting.com\/en\/wp-json\/wp\/v2\/media?parent=535"}],"curies":[{"name":"wp","href":"https:\/\/api.w.org\/{rel}","templated":true}]}}